{"id":30245,"date":"2022-04-14T23:39:40","date_gmt":"2023-02-20T07:04:23","guid":{"rendered":"https:\/\/xiaomipaspirtukai.lt\/produktas\/speed-handles-silicone-protection-for-scooter\/"},"modified":"2024-02-28T23:06:42","modified_gmt":"2024-02-28T21:06:42","slug":"greicio-granules-silicone-protection-for-the-finger","status":"publish","type":"product","link":"https:\/\/xiaomipaspirtukai.lt\/en\/product\/greicio-granules-silicone-protection-for-the-finger\/","title":{"rendered":"Speed handles silicone protection for scooter"},"content":{"rendered":"","protected":false},"excerpt":{"rendered":"<p>Made of silicone. It will protect your knob from wear and tear and also protects your knob from dust and water.<\/p>\n","protected":false},"featured_media":23533,"comment_status":"closed","ping_status":"closed","template":"","meta":[],"product_brand":[],"product_cat":[157,352,160],"product_tag":[],"class_list":{"0":"post-30245","1":"product","2":"type-product","3":"status-publish","4":"has-post-thumbnail","6":"product_cat-scooter-accessories","7":"product_cat-xiaomi-scooter-upgrade","8":"product_cat-xiaomi-scooter-accessories","10":"first","11":"instock","12":"sale","13":"taxable","14":"shipping-taxable","15":"purchasable","16":"product-type-variable"},"yoast_head":"<!-- This site is optimized with the Yoast SEO Premium plugin v25.1 (Yoast SEO v25.2) - https:\/\/yoast.com\/wordpress\/plugins\/seo\/ -->\n<title>Speed handles silicone protection for scooter - Xiaomipaspirtukai.lt<\/title>\n<meta name=\"description\" content=\"Made of silicone. It will protect your knob from wear and tear and also protects your knob from dust and water.\" \/>\n<meta name=\"robots\" content=\"index, follow, max-snippet:-1, max-image-preview:large, max-video-preview:-1\" \/>\n<link rel=\"canonical\" href=\"https:\/\/xiaomipaspirtukai.lt\/en\/product\/greicio-granules-silicone-protection-for-the-finger\/\" \/>\n<meta property=\"og:locale\" content=\"en_US\" \/>\n<meta property=\"og:type\" content=\"article\" \/>\n<meta property=\"og:title\" content=\"Speed handles silicone protection for scooter\" \/>\n<meta property=\"og:description\" content=\"Made of silicone. It will protect your knob from wear and tear and also protects your knob from dust and water.\" \/>\n<meta property=\"og:url\" content=\"https:\/\/xiaomipaspirtukai.lt\/en\/product\/greicio-granules-silicone-protection-for-the-finger\/\" \/>\n<meta property=\"og:site_name\" content=\"Xiaomipaspirtukai.lt\" \/>\n<meta property=\"article:publisher\" content=\"https:\/\/www.facebook.com\/xiaomipaspirtukai\/\" \/>\n<meta property=\"article:modified_time\" content=\"2024-02-28T21:06:42+00:00\" \/>\n<meta property=\"og:image\" content=\"https:\/\/xiaomipaspirtukai.lt\/wp-content\/uploads\/2022\/04\/Greicio-rankeneles-silikonine-apsauga-paspirtukui.jpg\" \/>\n\t<meta property=\"og:image:width\" content=\"1000\" \/>\n\t<meta property=\"og:image:height\" content=\"1000\" \/>\n\t<meta property=\"og:image:type\" content=\"image\/jpeg\" \/>\n<meta name=\"twitter:card\" content=\"summary_large_image\" \/>\n<meta name=\"twitter:label1\" content=\"Availability\" \/>\n\t<meta name=\"twitter:data1\" content=\"In stock\" \/>\n<script type=\"application\/ld+json\" class=\"yoast-schema-graph\">{\"@context\":\"https:\/\/schema.org\",\"@graph\":[{\"@type\":\"WebPage\",\"@id\":\"https:\/\/xiaomipaspirtukai.lt\/en\/product\/greicio-granules-silicone-protection-for-the-finger\/\",\"url\":\"https:\/\/xiaomipaspirtukai.lt\/en\/product\/greicio-granules-silicone-protection-for-the-finger\/\",\"name\":\"Speed handles silicone protection for scooter - Xiaomipaspirtukai.lt\",\"isPartOf\":{\"@id\":\"https:\/\/xiaomipaspirtukai.lt\/en\/#website\"},\"primaryImageOfPage\":{\"@id\":\"https:\/\/xiaomipaspirtukai.lt\/en\/product\/greicio-granules-silicone-protection-for-the-finger\/#primaryimage\"},\"image\":{\"@id\":\"https:\/\/xiaomipaspirtukai.lt\/en\/product\/greicio-granules-silicone-protection-for-the-finger\/#primaryimage\"},\"thumbnailUrl\":\"https:\/\/xiaomipaspirtukai.lt\/wp-content\/uploads\/2022\/04\/Greicio-rankeneles-silikonine-apsauga-paspirtukui.jpg\",\"datePublished\":\"2023-02-20T07:04:23+00:00\",\"dateModified\":\"2024-02-28T21:06:42+00:00\",\"description\":\"Made of silicone. It will protect your knob from wear and tear and also protects your knob from dust and water.\",\"breadcrumb\":{\"@id\":\"https:\/\/xiaomipaspirtukai.lt\/en\/product\/greicio-granules-silicone-protection-for-the-finger\/#breadcrumb\"},\"inLanguage\":\"en-US\",\"potentialAction\":[{\"@type\":\"ReadAction\",\"target\":[\"https:\/\/xiaomipaspirtukai.lt\/en\/product\/greicio-granules-silicone-protection-for-the-finger\/\"]}]},{\"@type\":\"ImageObject\",\"inLanguage\":\"en-US\",\"@id\":\"https:\/\/xiaomipaspirtukai.lt\/en\/product\/greicio-granules-silicone-protection-for-the-finger\/#primaryimage\",\"url\":\"https:\/\/xiaomipaspirtukai.lt\/wp-content\/uploads\/2022\/04\/Greicio-rankeneles-silikonine-apsauga-paspirtukui.jpg\",\"contentUrl\":\"https:\/\/xiaomipaspirtukai.lt\/wp-content\/uploads\/2022\/04\/Greicio-rankeneles-silikonine-apsauga-paspirtukui.jpg\",\"width\":1000,\"height\":1000,\"caption\":\"Grei\u010dio ranken\u0117les silikonin\u0117 apsauga paspirtukui\"},{\"@type\":\"BreadcrumbList\",\"@id\":\"https:\/\/xiaomipaspirtukai.lt\/en\/product\/greicio-granules-silicone-protection-for-the-finger\/#breadcrumb\",\"itemListElement\":[{\"@type\":\"ListItem\",\"position\":1,\"name\":\"Home\",\"item\":\"https:\/\/xiaomipaspirtukai.lt\/en\/\"},{\"@type\":\"ListItem\",\"position\":2,\"name\":\"Shop\",\"item\":\"https:\/\/xiaomipaspirtukai.lt\/en\/shop\/\"},{\"@type\":\"ListItem\",\"position\":3,\"name\":\"Speed handles silicone protection for scooter\"}]},{\"@type\":\"WebSite\",\"@id\":\"https:\/\/xiaomipaspirtukai.lt\/en\/#website\",\"url\":\"https:\/\/xiaomipaspirtukai.lt\/en\/\",\"name\":\"Xiaomipaspirtukai.lt\",\"description\":\"xiaomi paspirtuk\u0173 dalys, xiaomi m365 dalys, xiaomi paspirtukai\",\"publisher\":{\"@id\":\"https:\/\/xiaomipaspirtukai.lt\/en\/#organization\"},\"potentialAction\":[{\"@type\":\"SearchAction\",\"target\":{\"@type\":\"EntryPoint\",\"urlTemplate\":\"https:\/\/xiaomipaspirtukai.lt\/en\/?s={search_term_string}\"},\"query-input\":{\"@type\":\"PropertyValueSpecification\",\"valueRequired\":true,\"valueName\":\"search_term_string\"}}],\"inLanguage\":\"en-US\"},{\"@type\":\"Organization\",\"@id\":\"https:\/\/xiaomipaspirtukai.lt\/en\/#organization\",\"name\":\"xiaomipaspirtukai.lt\",\"url\":\"https:\/\/xiaomipaspirtukai.lt\/en\/\",\"logo\":{\"@type\":\"ImageObject\",\"inLanguage\":\"en-US\",\"@id\":\"https:\/\/xiaomipaspirtukai.lt\/en\/#\/schema\/logo\/image\/\",\"url\":\"https:\/\/xiaomipaspirtukai.lt\/wp-content\/uploads\/2019\/07\/cropped-xiaomi-paspirtukai.png\",\"contentUrl\":\"https:\/\/xiaomipaspirtukai.lt\/wp-content\/uploads\/2019\/07\/cropped-xiaomi-paspirtukai.png\",\"width\":193,\"height\":45,\"caption\":\"xiaomipaspirtukai.lt\"},\"image\":{\"@id\":\"https:\/\/xiaomipaspirtukai.lt\/en\/#\/schema\/logo\/image\/\"},\"sameAs\":[\"https:\/\/www.facebook.com\/xiaomipaspirtukai\/\",\"https:\/\/www.instagram.com\/xiaomipaspirtukai.lt\/\"]}]}<\/script>\n<meta property=\"product:brand\" content=\"Scooter Accessories\" \/>\n<meta property=\"og:availability\" content=\"instock\" \/>\n<meta property=\"product:availability\" content=\"instock\" \/>\n<meta property=\"product:retailer_item_id\" content=\"LT647\" \/>\n<meta property=\"product:condition\" content=\"new\" \/>\n<!-- \/ Yoast SEO Premium plugin. -->","yoast_head_json":{"title":"Speed handles silicone protection for scooter - Xiaomipaspirtukai.lt","description":"Made of silicone. It will protect your knob from wear and tear and also protects your knob from dust and water.","robots":{"index":"index","follow":"follow","max-snippet":"max-snippet:-1","max-image-preview":"max-image-preview:large","max-video-preview":"max-video-preview:-1"},"canonical":"https:\/\/xiaomipaspirtukai.lt\/en\/product\/greicio-granules-silicone-protection-for-the-finger\/","og_locale":"en_US","og_type":"article","og_title":"Speed handles silicone protection for scooter","og_description":"Made of silicone. It will protect your knob from wear and tear and also protects your knob from dust and water.","og_url":"https:\/\/xiaomipaspirtukai.lt\/en\/product\/greicio-granules-silicone-protection-for-the-finger\/","og_site_name":"Xiaomipaspirtukai.lt","article_publisher":"https:\/\/www.facebook.com\/xiaomipaspirtukai\/","article_modified_time":"2024-02-28T21:06:42+00:00","og_image":[{"width":1000,"height":1000,"url":"https:\/\/xiaomipaspirtukai.lt\/wp-content\/uploads\/2022\/04\/Greicio-rankeneles-silikonine-apsauga-paspirtukui.jpg","type":"image\/jpeg"}],"twitter_card":"summary_large_image","twitter_misc":{"Availability":"In stock"},"schema":{"@context":"https:\/\/schema.org","@graph":[{"@type":"WebPage","@id":"https:\/\/xiaomipaspirtukai.lt\/en\/product\/greicio-granules-silicone-protection-for-the-finger\/","url":"https:\/\/xiaomipaspirtukai.lt\/en\/product\/greicio-granules-silicone-protection-for-the-finger\/","name":"Speed handles silicone protection for scooter - Xiaomipaspirtukai.lt","isPartOf":{"@id":"https:\/\/xiaomipaspirtukai.lt\/en\/#website"},"primaryImageOfPage":{"@id":"https:\/\/xiaomipaspirtukai.lt\/en\/product\/greicio-granules-silicone-protection-for-the-finger\/#primaryimage"},"image":{"@id":"https:\/\/xiaomipaspirtukai.lt\/en\/product\/greicio-granules-silicone-protection-for-the-finger\/#primaryimage"},"thumbnailUrl":"https:\/\/xiaomipaspirtukai.lt\/wp-content\/uploads\/2022\/04\/Greicio-rankeneles-silikonine-apsauga-paspirtukui.jpg","datePublished":"2023-02-20T07:04:23+00:00","dateModified":"2024-02-28T21:06:42+00:00","description":"Made of silicone. It will protect your knob from wear and tear and also protects your knob from dust and water.","breadcrumb":{"@id":"https:\/\/xiaomipaspirtukai.lt\/en\/product\/greicio-granules-silicone-protection-for-the-finger\/#breadcrumb"},"inLanguage":"en-US","potentialAction":[{"@type":"ReadAction","target":["https:\/\/xiaomipaspirtukai.lt\/en\/product\/greicio-granules-silicone-protection-for-the-finger\/"]}]},{"@type":"ImageObject","inLanguage":"en-US","@id":"https:\/\/xiaomipaspirtukai.lt\/en\/product\/greicio-granules-silicone-protection-for-the-finger\/#primaryimage","url":"https:\/\/xiaomipaspirtukai.lt\/wp-content\/uploads\/2022\/04\/Greicio-rankeneles-silikonine-apsauga-paspirtukui.jpg","contentUrl":"https:\/\/xiaomipaspirtukai.lt\/wp-content\/uploads\/2022\/04\/Greicio-rankeneles-silikonine-apsauga-paspirtukui.jpg","width":1000,"height":1000,"caption":"Grei\u010dio ranken\u0117les silikonin\u0117 apsauga paspirtukui"},{"@type":"BreadcrumbList","@id":"https:\/\/xiaomipaspirtukai.lt\/en\/product\/greicio-granules-silicone-protection-for-the-finger\/#breadcrumb","itemListElement":[{"@type":"ListItem","position":1,"name":"Home","item":"https:\/\/xiaomipaspirtukai.lt\/en\/"},{"@type":"ListItem","position":2,"name":"Shop","item":"https:\/\/xiaomipaspirtukai.lt\/en\/shop\/"},{"@type":"ListItem","position":3,"name":"Speed handles silicone protection for scooter"}]},{"@type":"WebSite","@id":"https:\/\/xiaomipaspirtukai.lt\/en\/#website","url":"https:\/\/xiaomipaspirtukai.lt\/en\/","name":"Xiaomipaspirtukai.lt","description":"xiaomi paspirtuk\u0173 dalys, xiaomi m365 dalys, xiaomi paspirtukai","publisher":{"@id":"https:\/\/xiaomipaspirtukai.lt\/en\/#organization"},"potentialAction":[{"@type":"SearchAction","target":{"@type":"EntryPoint","urlTemplate":"https:\/\/xiaomipaspirtukai.lt\/en\/?s={search_term_string}"},"query-input":{"@type":"PropertyValueSpecification","valueRequired":true,"valueName":"search_term_string"}}],"inLanguage":"en-US"},{"@type":"Organization","@id":"https:\/\/xiaomipaspirtukai.lt\/en\/#organization","name":"xiaomipaspirtukai.lt","url":"https:\/\/xiaomipaspirtukai.lt\/en\/","logo":{"@type":"ImageObject","inLanguage":"en-US","@id":"https:\/\/xiaomipaspirtukai.lt\/en\/#\/schema\/logo\/image\/","url":"https:\/\/xiaomipaspirtukai.lt\/wp-content\/uploads\/2019\/07\/cropped-xiaomi-paspirtukai.png","contentUrl":"https:\/\/xiaomipaspirtukai.lt\/wp-content\/uploads\/2019\/07\/cropped-xiaomi-paspirtukai.png","width":193,"height":45,"caption":"xiaomipaspirtukai.lt"},"image":{"@id":"https:\/\/xiaomipaspirtukai.lt\/en\/#\/schema\/logo\/image\/"},"sameAs":["https:\/\/www.facebook.com\/xiaomipaspirtukai\/","https:\/\/www.instagram.com\/xiaomipaspirtukai.lt\/"]}]},"product_brand":"Scooter Accessories","og_availability":"instock","product_availability":"instock","product_retailer_item_id":"LT647","product_condition":"new"},"_links":{"self":[{"href":"https:\/\/xiaomipaspirtukai.lt\/en\/wp-json\/wp\/v2\/product\/30245","targetHints":{"allow":["GET"]}}],"collection":[{"href":"https:\/\/xiaomipaspirtukai.lt\/en\/wp-json\/wp\/v2\/product"}],"about":[{"href":"https:\/\/xiaomipaspirtukai.lt\/en\/wp-json\/wp\/v2\/types\/product"}],"replies":[{"embeddable":true,"href":"https:\/\/xiaomipaspirtukai.lt\/en\/wp-json\/wp\/v2\/comments?post=30245"}],"wp:featuredmedia":[{"embeddable":true,"href":"https:\/\/xiaomipaspirtukai.lt\/en\/wp-json\/wp\/v2\/media\/23533"}],"wp:attachment":[{"href":"https:\/\/xiaomipaspirtukai.lt\/en\/wp-json\/wp\/v2\/media?parent=30245"}],"wp:term":[{"taxonomy":"product_brand","embeddable":true,"href":"https:\/\/xiaomipaspirtukai.lt\/en\/wp-json\/wp\/v2\/product_brand?post=30245"},{"taxonomy":"product_cat","embeddable":true,"href":"https:\/\/xiaomipaspirtukai.lt\/en\/wp-json\/wp\/v2\/product_cat?post=30245"},{"taxonomy":"product_tag","embeddable":true,"href":"https:\/\/xiaomipaspirtukai.lt\/en\/wp-json\/wp\/v2\/product_tag?post=30245"}],"curies":[{"name":"wp","href":"https:\/\/api.w.org\/{rel}","templated":true}]}}