{"id":48130,"date":"2025-06-02T18:37:42","date_gmt":"2025-06-02T15:37:42","guid":{"rendered":"https:\/\/xiaomipaspirtukai.lt\/kaupade-tagastamise-tingimused\/"},"modified":"2025-06-02T18:37:42","modified_gmt":"2025-06-02T15:37:42","slug":"kaupade-tagastamise-tingimused","status":"publish","type":"page","link":"https:\/\/xiaomipaspirtukai.lt\/et\/kaupade-tagastamise-tingimused\/","title":{"rendered":"Kaupade tagastamise tingimused"},"content":{"rendered":"<p>Saate ostetud kauba tagastada 14 (neljateistk\u00fcmne) p\u00e4eva jooksul alates tarnekuup\u00e4evast, kui:<\/p>\n<p>toote v\u00e4limus ja pakend ei ole oluliselt muutunud.<\/p>\n<ul>\n<li>toodet ei ole kasutatud ja\/v\u00f5i kahjustatud.<\/li>\n<li>toode on valmis ja teil on m\u00fc\u00fcgiteatis.<\/li>\n<\/ul>\n<p>Toote tagastamiseks t\u00e4itke palun tagastusvorm ja saatke see aadressile info@hero.lt<br \/>\nPange t\u00e4hele, et tagastusvorm peab olema t\u00e4idetud ostja nime ja andmetega!<\/p>\n<p>V\u00f5tame teiega \u00fchendust 3 (kolme) t\u00f6\u00f6p\u00e4eva jooksul p\u00e4rast tagastusvormi k\u00e4ttesaamist<br \/>\n. Kohustume tagastama teie raha 5 (viie) t\u00f6\u00f6p\u00e4eva jooksul p\u00e4rast tagastuse saabumist meie lattu.<\/p>\n<p>Kaupade tagamise ja tagastamise eeskirjad on koostatud vastavalt \u201eKaupade tagastamise ja vahetamise eeskirjadele\u201c, mis on kinnitatud majandusministri 29. juuni 2001. aasta m\u00e4\u00e4rusega nr 217, ja \u201eKaupade m\u00fc\u00fcgi ja teenuste osutamise eeskirjadele sidevahendite abil s\u00f5lmitud lepingute puhul\u201c, mis on kinnitatud majandusministri 17. augusti 2001. aasta m\u00e4\u00e4rusega nr 258.    <\/p>\n<p>Lisateavet leiate veebilehelt http:\/\/europa.eu\/youreurope\/citizens\/shopping\/shopping-abroad\/returning-unwanted-goods\/index_lt.htm<\/p>\n","protected":false},"excerpt":{"rendered":"<p>Saate ostetud kauba tagastada 14 (neljateistk\u00fcmne) p\u00e4eva jooksul alates tarnekuup\u00e4evast, kui: toote v\u00e4limus ja pakend ei ole oluliselt muutunud. toodet ei ole kasutatud ja\/v\u00f5i kahjustatud. toode on valmis ja teil on m\u00fc\u00fcgiteatis. Toote tagastamiseks t\u00e4itke palun tagastusvorm ja saatke see aadressile info@hero.lt Pange t\u00e4hele, et tagastusvorm peab olema t\u00e4idetud ostja nime ja andmetega! V\u00f5tame teiega [&#8230;]\n","protected":false},"author":1,"featured_media":0,"parent":0,"menu_order":0,"comment_status":"closed","ping_status":"closed","template":"","meta":{"footnotes":""},"class_list":["post-48130","page","type-page","status-publish","hentry"],"yoast_head":"<!-- This site is optimized with the Yoast SEO Premium plugin v25.1 (Yoast SEO v25.2) - https:\/\/yoast.com\/wordpress\/plugins\/seo\/ -->\n<title>Kaupade tagastamise tingimused - Xiaomipaspirtukai.lt<\/title>\n<meta name=\"robots\" content=\"index, follow, max-snippet:-1, max-image-preview:large, max-video-preview:-1\" \/>\n<link rel=\"canonical\" href=\"https:\/\/xiaomipaspirtukai.lt\/et\/kaupade-tagastamise-tingimused\/\" \/>\n<meta property=\"og:locale\" content=\"et_EE\" \/>\n<meta property=\"og:type\" content=\"article\" \/>\n<meta property=\"og:title\" content=\"Kaupade tagastamise tingimused\" \/>\n<meta property=\"og:description\" content=\"Saate ostetud kauba tagastada 14 (neljateistk\u00fcmne) p\u00e4eva jooksul alates tarnekuup\u00e4evast, kui: toote v\u00e4limus ja pakend ei ole oluliselt muutunud. toodet ei ole kasutatud ja\/v\u00f5i kahjustatud. toode on valmis ja teil on m\u00fc\u00fcgiteatis. Toote tagastamiseks t\u00e4itke palun tagastusvorm ja saatke see aadressile info@hero.lt Pange t\u00e4hele, et tagastusvorm peab olema t\u00e4idetud ostja nime ja andmetega! V\u00f5tame teiega [...]\" \/>\n<meta property=\"og:url\" content=\"https:\/\/xiaomipaspirtukai.lt\/et\/kaupade-tagastamise-tingimused\/\" \/>\n<meta property=\"og:site_name\" content=\"Xiaomipaspirtukai.lt\" \/>\n<meta property=\"article:publisher\" content=\"https:\/\/www.facebook.com\/xiaomipaspirtukai\/\" \/>\n<meta property=\"og:image\" content=\"https:\/\/xiaomipaspirtukai.lt\/wp-content\/uploads\/2019\/07\/cropped-xiaomi-paspirtukai.png\" \/>\n\t<meta property=\"og:image:width\" content=\"193\" \/>\n\t<meta property=\"og:image:height\" content=\"45\" \/>\n\t<meta property=\"og:image:type\" content=\"image\/png\" \/>\n<meta name=\"twitter:card\" content=\"summary_large_image\" \/>\n<meta name=\"twitter:label1\" content=\"Est. reading time\" \/>\n\t<meta name=\"twitter:data1\" content=\"1 minut\" \/>\n<script type=\"application\/ld+json\" class=\"yoast-schema-graph\">{\"@context\":\"https:\/\/schema.org\",\"@graph\":[{\"@type\":\"WebPage\",\"@id\":\"https:\/\/xiaomipaspirtukai.lt\/et\/kaupade-tagastamise-tingimused\/\",\"url\":\"https:\/\/xiaomipaspirtukai.lt\/et\/kaupade-tagastamise-tingimused\/\",\"name\":\"Kaupade tagastamise tingimused - Xiaomipaspirtukai.lt\",\"isPartOf\":{\"@id\":\"https:\/\/xiaomipaspirtukai.lt\/et\/#website\"},\"datePublished\":\"2025-06-02T15:37:42+00:00\",\"breadcrumb\":{\"@id\":\"https:\/\/xiaomipaspirtukai.lt\/et\/kaupade-tagastamise-tingimused\/#breadcrumb\"},\"inLanguage\":\"et\",\"potentialAction\":[{\"@type\":\"ReadAction\",\"target\":[\"https:\/\/xiaomipaspirtukai.lt\/et\/kaupade-tagastamise-tingimused\/\"]}]},{\"@type\":\"BreadcrumbList\",\"@id\":\"https:\/\/xiaomipaspirtukai.lt\/et\/kaupade-tagastamise-tingimused\/#breadcrumb\",\"itemListElement\":[{\"@type\":\"ListItem\",\"position\":1,\"name\":\"Home\",\"item\":\"https:\/\/xiaomipaspirtukai.lt\/et\/\"},{\"@type\":\"ListItem\",\"position\":2,\"name\":\"Kaupade tagastamise tingimused\"}]},{\"@type\":\"WebSite\",\"@id\":\"https:\/\/xiaomipaspirtukai.lt\/et\/#website\",\"url\":\"https:\/\/xiaomipaspirtukai.lt\/et\/\",\"name\":\"Xiaomipaspirtukai.lt\",\"description\":\"xiaomi paspirtuk\u0173 dalys, xiaomi m365 dalys, xiaomi paspirtukai\",\"publisher\":{\"@id\":\"https:\/\/xiaomipaspirtukai.lt\/et\/#organization\"},\"potentialAction\":[{\"@type\":\"SearchAction\",\"target\":{\"@type\":\"EntryPoint\",\"urlTemplate\":\"https:\/\/xiaomipaspirtukai.lt\/et\/?s={search_term_string}\"},\"query-input\":{\"@type\":\"PropertyValueSpecification\",\"valueRequired\":true,\"valueName\":\"search_term_string\"}}],\"inLanguage\":\"et\"},{\"@type\":\"Organization\",\"@id\":\"https:\/\/xiaomipaspirtukai.lt\/et\/#organization\",\"name\":\"xiaomipaspirtukai.lt\",\"url\":\"https:\/\/xiaomipaspirtukai.lt\/et\/\",\"logo\":{\"@type\":\"ImageObject\",\"inLanguage\":\"et\",\"@id\":\"https:\/\/xiaomipaspirtukai.lt\/et\/#\/schema\/logo\/image\/\",\"url\":\"https:\/\/xiaomipaspirtukai.lt\/wp-content\/uploads\/2019\/07\/cropped-xiaomi-paspirtukai.png\",\"contentUrl\":\"https:\/\/xiaomipaspirtukai.lt\/wp-content\/uploads\/2019\/07\/cropped-xiaomi-paspirtukai.png\",\"width\":193,\"height\":45,\"caption\":\"xiaomipaspirtukai.lt\"},\"image\":{\"@id\":\"https:\/\/xiaomipaspirtukai.lt\/et\/#\/schema\/logo\/image\/\"},\"sameAs\":[\"https:\/\/www.facebook.com\/xiaomipaspirtukai\/\",\"https:\/\/www.instagram.com\/xiaomipaspirtukai.lt\/\"]}]}<\/script>\n<!-- \/ Yoast SEO Premium plugin. -->","yoast_head_json":{"title":"Kaupade tagastamise tingimused - Xiaomipaspirtukai.lt","robots":{"index":"index","follow":"follow","max-snippet":"max-snippet:-1","max-image-preview":"max-image-preview:large","max-video-preview":"max-video-preview:-1"},"canonical":"https:\/\/xiaomipaspirtukai.lt\/et\/kaupade-tagastamise-tingimused\/","og_locale":"et_EE","og_type":"article","og_title":"Kaupade tagastamise tingimused","og_description":"Saate ostetud kauba tagastada 14 (neljateistk\u00fcmne) p\u00e4eva jooksul alates tarnekuup\u00e4evast, kui: toote v\u00e4limus ja pakend ei ole oluliselt muutunud. toodet ei ole kasutatud ja\/v\u00f5i kahjustatud. toode on valmis ja teil on m\u00fc\u00fcgiteatis. Toote tagastamiseks t\u00e4itke palun tagastusvorm ja saatke see aadressile info@hero.lt Pange t\u00e4hele, et tagastusvorm peab olema t\u00e4idetud ostja nime ja andmetega! V\u00f5tame teiega [...]","og_url":"https:\/\/xiaomipaspirtukai.lt\/et\/kaupade-tagastamise-tingimused\/","og_site_name":"Xiaomipaspirtukai.lt","article_publisher":"https:\/\/www.facebook.com\/xiaomipaspirtukai\/","og_image":[{"width":193,"height":45,"url":"https:\/\/xiaomipaspirtukai.lt\/wp-content\/uploads\/2019\/07\/cropped-xiaomi-paspirtukai.png","type":"image\/png"}],"twitter_card":"summary_large_image","twitter_misc":{"Est. reading time":"1 minut"},"schema":{"@context":"https:\/\/schema.org","@graph":[{"@type":"WebPage","@id":"https:\/\/xiaomipaspirtukai.lt\/et\/kaupade-tagastamise-tingimused\/","url":"https:\/\/xiaomipaspirtukai.lt\/et\/kaupade-tagastamise-tingimused\/","name":"Kaupade tagastamise tingimused - Xiaomipaspirtukai.lt","isPartOf":{"@id":"https:\/\/xiaomipaspirtukai.lt\/et\/#website"},"datePublished":"2025-06-02T15:37:42+00:00","breadcrumb":{"@id":"https:\/\/xiaomipaspirtukai.lt\/et\/kaupade-tagastamise-tingimused\/#breadcrumb"},"inLanguage":"et","potentialAction":[{"@type":"ReadAction","target":["https:\/\/xiaomipaspirtukai.lt\/et\/kaupade-tagastamise-tingimused\/"]}]},{"@type":"BreadcrumbList","@id":"https:\/\/xiaomipaspirtukai.lt\/et\/kaupade-tagastamise-tingimused\/#breadcrumb","itemListElement":[{"@type":"ListItem","position":1,"name":"Home","item":"https:\/\/xiaomipaspirtukai.lt\/et\/"},{"@type":"ListItem","position":2,"name":"Kaupade tagastamise tingimused"}]},{"@type":"WebSite","@id":"https:\/\/xiaomipaspirtukai.lt\/et\/#website","url":"https:\/\/xiaomipaspirtukai.lt\/et\/","name":"Xiaomipaspirtukai.lt","description":"xiaomi paspirtuk\u0173 dalys, xiaomi m365 dalys, xiaomi paspirtukai","publisher":{"@id":"https:\/\/xiaomipaspirtukai.lt\/et\/#organization"},"potentialAction":[{"@type":"SearchAction","target":{"@type":"EntryPoint","urlTemplate":"https:\/\/xiaomipaspirtukai.lt\/et\/?s={search_term_string}"},"query-input":{"@type":"PropertyValueSpecification","valueRequired":true,"valueName":"search_term_string"}}],"inLanguage":"et"},{"@type":"Organization","@id":"https:\/\/xiaomipaspirtukai.lt\/et\/#organization","name":"xiaomipaspirtukai.lt","url":"https:\/\/xiaomipaspirtukai.lt\/et\/","logo":{"@type":"ImageObject","inLanguage":"et","@id":"https:\/\/xiaomipaspirtukai.lt\/et\/#\/schema\/logo\/image\/","url":"https:\/\/xiaomipaspirtukai.lt\/wp-content\/uploads\/2019\/07\/cropped-xiaomi-paspirtukai.png","contentUrl":"https:\/\/xiaomipaspirtukai.lt\/wp-content\/uploads\/2019\/07\/cropped-xiaomi-paspirtukai.png","width":193,"height":45,"caption":"xiaomipaspirtukai.lt"},"image":{"@id":"https:\/\/xiaomipaspirtukai.lt\/et\/#\/schema\/logo\/image\/"},"sameAs":["https:\/\/www.facebook.com\/xiaomipaspirtukai\/","https:\/\/www.instagram.com\/xiaomipaspirtukai.lt\/"]}]}},"_links":{"self":[{"href":"https:\/\/xiaomipaspirtukai.lt\/et\/wp-json\/wp\/v2\/pages\/48130","targetHints":{"allow":["GET"]}}],"collection":[{"href":"https:\/\/xiaomipaspirtukai.lt\/et\/wp-json\/wp\/v2\/pages"}],"about":[{"href":"https:\/\/xiaomipaspirtukai.lt\/et\/wp-json\/wp\/v2\/types\/page"}],"author":[{"embeddable":true,"href":"https:\/\/xiaomipaspirtukai.lt\/et\/wp-json\/wp\/v2\/users\/1"}],"replies":[{"embeddable":true,"href":"https:\/\/xiaomipaspirtukai.lt\/et\/wp-json\/wp\/v2\/comments?post=48130"}],"version-history":[{"count":0,"href":"https:\/\/xiaomipaspirtukai.lt\/et\/wp-json\/wp\/v2\/pages\/48130\/revisions"}],"wp:attachment":[{"href":"https:\/\/xiaomipaspirtukai.lt\/et\/wp-json\/wp\/v2\/media?parent=48130"}],"curies":[{"name":"wp","href":"https:\/\/api.w.org\/{rel}","templated":true}]}}