{"id":48311,"date":"2025-03-11T13:03:00","date_gmt":"2025-06-02T15:45:49","guid":{"rendered":"https:\/\/xiaomipaspirtukai.lt\/produktas\/xiaomi-roller-tagumine-ratas-ilma-rehvita-8-5\/"},"modified":"2025-06-02T18:45:49","modified_gmt":"2025-06-02T15:45:49","slug":"xiaomi-roller-tagumine-ratas-ilma-rehvita-8-5","status":"publish","type":"product","link":"https:\/\/xiaomipaspirtukai.lt\/et\/produktas\/xiaomi-roller-tagumine-ratas-ilma-rehvita-8-5\/","title":{"rendered":"Xiaomi roller tagumine ratas ilma rehvita \/ 8.5"},"content":{"rendered":"<p><strong>Parandage oma Xiaomi elektrilise t\u00f5ukeratta s\u00f5idu kvaliteeti selle kvaliteetse 8,5-tollise tagarattaga!<\/strong>  Kas teie t\u00f5ukeratta tagumine ratas on kahjustatud, deformeerunud v\u00f5i soovite lihtsalt varuratast? See t\u00e4ielik tagaratas (ilma rehvita) on ideaalne lahendus kiireks ja lihtsaks asendamiseks. <\/p>\n<p><strong>Peamised omadused ja eelised:<\/strong><\/p>\n<ul>\n<li><strong>PURPOSE KOMPATIBILITEET:<\/strong> M\u00f5eldud spetsiaalselt j\u00e4rgmistele Xiaomi elektrilise t\u00f5ukeratta mudelitele: M365, Essential, 1S ja MI3. <span style=\"color: red;\"><strong>Ei sobi mudelitele Pro ja Pro 2!<\/strong><\/span><\/li>\n<li><strong>Vastupidav konstruktsioon:<\/strong> valmistatud vastupidavast alumiinium\/terasesulamist. See velg on l\u00f6\u00f6gikindel ja tagab pika kasutusea. <\/li>\n<li><strong>T\u00e4psed m\u00f5\u00f5tmed:<\/strong>\n<ul>\n<li>Velje laius: 38mm<\/li>\n<li>\u00dcldlaius (laagri v\u00e4lisk\u00fcljele): 72 mm (44 mm * 2 = 88 mm miinus 8 mm (keskne ava) \/ 2 = 4 mm m\u00f5lemal k\u00fcljel).<\/li>\n<li>Rummu\/telje laius: 11.8mm<\/li>\n<li>Keskne ava: 8mm<\/li>\n<li>Kaugus keskpunktist velje sisemise servani: 66mm<\/li>\n<li>Ratta suurus: 8.5<\/li>\n<\/ul>\n<\/li>\n<li><strong>Lihtne paigaldus:<\/strong> vahetage vana ratas h\u00f5lpsasti uue vastu v\u00e4lja (kui teil puudub kogemus sellistes remondit\u00f6\u00f6des, on soovitatav paigaldada see professionaalselt).<\/li>\n<li><strong>Kasutusvalmis (koos rehviga):<\/strong> see ratas on valmis paigaldamiseks * teie valitud 8,5-tollise rehviga.<\/li>\n<li>V\u00e4rv: tumehall<\/li>\n<\/ul>\n<p><strong>Sisaldab:<\/strong><\/p>\n<ul>\n<li>1 x tagumine ratas (rehv ei kuulu komplekti)<\/li>\n<\/ul>\n","protected":false},"excerpt":{"rendered":"<p>Xiaomi Scooteri tagumine ratas (M365\/Essential\/1S\/MI3) - 8.5&#8243; - ilma rehvideta!<\/p>\n","protected":false},"featured_media":48312,"comment_status":"closed","ping_status":"closed","template":"","meta":[],"product_brand":[],"product_cat":[1025,1026,1069],"product_tag":[],"class_list":{"0":"post-48311","1":"product","2":"type-product","3":"status-publish","4":"has-post-thumbnail","6":"product_cat-xiaomi-1s-osad","7":"product_cat-xiaomi-essential-osad","8":"product_cat-xiaomi-mi-3-osad","10":"first","11":"instock","12":"taxable","13":"shipping-taxable","14":"purchasable","15":"product-type-simple"},"yoast_head":"<!-- This site is optimized with the Yoast SEO Premium plugin v25.1 (Yoast SEO v25.2) - https:\/\/yoast.com\/wordpress\/plugins\/seo\/ -->\n<title>Xiaomi roller tagumine ratas ilma rehvita \/ 8.5 - Xiaomipaspirtukai.lt<\/title>\n<meta name=\"description\" content=\"8,5&quot; tagumine varuratas Xiaomi M365, Essential, 1S, MI3 rolleritele (ilma rehvita). Asendage kahjustatud ratas ja nautige taas sujuvat s\u00f5itu!\" \/>\n<meta name=\"robots\" content=\"index, follow, max-snippet:-1, max-image-preview:large, max-video-preview:-1\" \/>\n<link rel=\"canonical\" href=\"https:\/\/xiaomipaspirtukai.lt\/et\/produktas\/xiaomi-roller-tagumine-ratas-ilma-rehvita-8-5\/\" \/>\n<meta property=\"og:locale\" content=\"et_EE\" \/>\n<meta property=\"og:type\" content=\"article\" \/>\n<meta property=\"og:title\" content=\"Xiaomi roller tagumine ratas ilma rehvita \/ 8.5\" \/>\n<meta property=\"og:description\" content=\"8,5&quot; tagumine varuratas Xiaomi M365, Essential, 1S, MI3 rolleritele (ilma rehvita). Asendage kahjustatud ratas ja nautige taas sujuvat s\u00f5itu!\" \/>\n<meta property=\"og:url\" content=\"https:\/\/xiaomipaspirtukai.lt\/et\/produktas\/xiaomi-roller-tagumine-ratas-ilma-rehvita-8-5\/\" \/>\n<meta property=\"og:site_name\" content=\"Xiaomipaspirtukai.lt\" \/>\n<meta property=\"article:publisher\" content=\"https:\/\/www.facebook.com\/xiaomipaspirtukai\/\" \/>\n<meta property=\"og:image\" content=\"https:\/\/xiaomipaspirtukai.lt\/wp-content\/uploads\/2025\/03\/Xiaomi-paspirtuko-ratas-be-padangos-7.jpg\" \/>\n\t<meta property=\"og:image:width\" content=\"1000\" \/>\n\t<meta property=\"og:image:height\" content=\"1000\" \/>\n\t<meta property=\"og:image:type\" content=\"image\/jpeg\" \/>\n<meta name=\"twitter:card\" content=\"summary_large_image\" \/>\n<meta name=\"twitter:label1\" content=\"Price\" \/>\n\t<meta name=\"twitter:data1\" content=\"&euro;23.00\" \/>\n\t<meta name=\"twitter:label2\" content=\"Availability\" \/>\n\t<meta name=\"twitter:data2\" content=\"In stock\" \/>\n<script type=\"application\/ld+json\" class=\"yoast-schema-graph\">{\"@context\":\"https:\/\/schema.org\",\"@graph\":[{\"@type\":\"WebPage\",\"@id\":\"https:\/\/xiaomipaspirtukai.lt\/et\/produktas\/xiaomi-roller-tagumine-ratas-ilma-rehvita-8-5\/\",\"url\":\"https:\/\/xiaomipaspirtukai.lt\/et\/produktas\/xiaomi-roller-tagumine-ratas-ilma-rehvita-8-5\/\",\"name\":\"Xiaomi roller tagumine ratas ilma rehvita \/ 8.5 - Xiaomipaspirtukai.lt\",\"isPartOf\":{\"@id\":\"https:\/\/xiaomipaspirtukai.lt\/et\/#website\"},\"primaryImageOfPage\":{\"@id\":\"https:\/\/xiaomipaspirtukai.lt\/et\/produktas\/xiaomi-roller-tagumine-ratas-ilma-rehvita-8-5\/#primaryimage\"},\"image\":{\"@id\":\"https:\/\/xiaomipaspirtukai.lt\/et\/produktas\/xiaomi-roller-tagumine-ratas-ilma-rehvita-8-5\/#primaryimage\"},\"thumbnailUrl\":\"https:\/\/xiaomipaspirtukai.lt\/wp-content\/uploads\/2025\/03\/Xiaomi-paspirtuko-ratas-be-padangos-7.jpg\",\"datePublished\":\"2025-06-02T15:45:49+00:00\",\"description\":\"8,5\\\" tagumine varuratas Xiaomi M365, Essential, 1S, MI3 rolleritele (ilma rehvita). Asendage kahjustatud ratas ja nautige taas sujuvat s\u00f5itu!\",\"breadcrumb\":{\"@id\":\"https:\/\/xiaomipaspirtukai.lt\/et\/produktas\/xiaomi-roller-tagumine-ratas-ilma-rehvita-8-5\/#breadcrumb\"},\"inLanguage\":\"et\",\"potentialAction\":[{\"@type\":\"ReadAction\",\"target\":[\"https:\/\/xiaomipaspirtukai.lt\/et\/produktas\/xiaomi-roller-tagumine-ratas-ilma-rehvita-8-5\/\"]}]},{\"@type\":\"ImageObject\",\"inLanguage\":\"et\",\"@id\":\"https:\/\/xiaomipaspirtukai.lt\/et\/produktas\/xiaomi-roller-tagumine-ratas-ilma-rehvita-8-5\/#primaryimage\",\"url\":\"https:\/\/xiaomipaspirtukai.lt\/wp-content\/uploads\/2025\/03\/Xiaomi-paspirtuko-ratas-be-padangos-7.jpg\",\"contentUrl\":\"https:\/\/xiaomipaspirtukai.lt\/wp-content\/uploads\/2025\/03\/Xiaomi-paspirtuko-ratas-be-padangos-7.jpg\",\"width\":1000,\"height\":1000,\"caption\":\"Xiaomi paspirtuko ratas be padangos\"},{\"@type\":\"BreadcrumbList\",\"@id\":\"https:\/\/xiaomipaspirtukai.lt\/et\/produktas\/xiaomi-roller-tagumine-ratas-ilma-rehvita-8-5\/#breadcrumb\",\"itemListElement\":[{\"@type\":\"ListItem\",\"position\":1,\"name\":\"Home\",\"item\":\"https:\/\/xiaomipaspirtukai.lt\/et\/\"},{\"@type\":\"ListItem\",\"position\":2,\"name\":\"Kauplus\",\"item\":\"https:\/\/xiaomipaspirtukai.lt\/et\/kauplus\/\"},{\"@type\":\"ListItem\",\"position\":3,\"name\":\"Xiaomi roller tagumine ratas ilma rehvita \/ 8.5\"}]},{\"@type\":\"WebSite\",\"@id\":\"https:\/\/xiaomipaspirtukai.lt\/et\/#website\",\"url\":\"https:\/\/xiaomipaspirtukai.lt\/et\/\",\"name\":\"Xiaomipaspirtukai.lt\",\"description\":\"xiaomi paspirtuk\u0173 dalys, xiaomi m365 dalys, xiaomi paspirtukai\",\"publisher\":{\"@id\":\"https:\/\/xiaomipaspirtukai.lt\/et\/#organization\"},\"potentialAction\":[{\"@type\":\"SearchAction\",\"target\":{\"@type\":\"EntryPoint\",\"urlTemplate\":\"https:\/\/xiaomipaspirtukai.lt\/et\/?s={search_term_string}\"},\"query-input\":{\"@type\":\"PropertyValueSpecification\",\"valueRequired\":true,\"valueName\":\"search_term_string\"}}],\"inLanguage\":\"et\"},{\"@type\":\"Organization\",\"@id\":\"https:\/\/xiaomipaspirtukai.lt\/et\/#organization\",\"name\":\"xiaomipaspirtukai.lt\",\"url\":\"https:\/\/xiaomipaspirtukai.lt\/et\/\",\"logo\":{\"@type\":\"ImageObject\",\"inLanguage\":\"et\",\"@id\":\"https:\/\/xiaomipaspirtukai.lt\/et\/#\/schema\/logo\/image\/\",\"url\":\"https:\/\/xiaomipaspirtukai.lt\/wp-content\/uploads\/2019\/07\/cropped-xiaomi-paspirtukai.png\",\"contentUrl\":\"https:\/\/xiaomipaspirtukai.lt\/wp-content\/uploads\/2019\/07\/cropped-xiaomi-paspirtukai.png\",\"width\":193,\"height\":45,\"caption\":\"xiaomipaspirtukai.lt\"},\"image\":{\"@id\":\"https:\/\/xiaomipaspirtukai.lt\/et\/#\/schema\/logo\/image\/\"},\"sameAs\":[\"https:\/\/www.facebook.com\/xiaomipaspirtukai\/\",\"https:\/\/www.instagram.com\/xiaomipaspirtukai.lt\/\"]}]}<\/script>\n<meta property=\"product:brand\" content=\"Xiaomi 1S osad\" \/>\n<meta property=\"product:price:amount\" content=\"23.00\" \/>\n<meta property=\"product:price:currency\" content=\"EUR\" \/>\n<meta property=\"og:availability\" content=\"instock\" \/>\n<meta property=\"product:availability\" content=\"instock\" \/>\n<meta property=\"product:retailer_item_id\" content=\"LT11X\" \/>\n<meta property=\"product:condition\" content=\"new\" \/>\n<!-- \/ Yoast SEO Premium plugin. -->","yoast_head_json":{"title":"Xiaomi roller tagumine ratas ilma rehvita \/ 8.5 - Xiaomipaspirtukai.lt","description":"8,5\" tagumine varuratas Xiaomi M365, Essential, 1S, MI3 rolleritele (ilma rehvita). Asendage kahjustatud ratas ja nautige taas sujuvat s\u00f5itu!","robots":{"index":"index","follow":"follow","max-snippet":"max-snippet:-1","max-image-preview":"max-image-preview:large","max-video-preview":"max-video-preview:-1"},"canonical":"https:\/\/xiaomipaspirtukai.lt\/et\/produktas\/xiaomi-roller-tagumine-ratas-ilma-rehvita-8-5\/","og_locale":"et_EE","og_type":"article","og_title":"Xiaomi roller tagumine ratas ilma rehvita \/ 8.5","og_description":"8,5\" tagumine varuratas Xiaomi M365, Essential, 1S, MI3 rolleritele (ilma rehvita). Asendage kahjustatud ratas ja nautige taas sujuvat s\u00f5itu!","og_url":"https:\/\/xiaomipaspirtukai.lt\/et\/produktas\/xiaomi-roller-tagumine-ratas-ilma-rehvita-8-5\/","og_site_name":"Xiaomipaspirtukai.lt","article_publisher":"https:\/\/www.facebook.com\/xiaomipaspirtukai\/","og_image":[{"width":1000,"height":1000,"url":"https:\/\/xiaomipaspirtukai.lt\/wp-content\/uploads\/2025\/03\/Xiaomi-paspirtuko-ratas-be-padangos-7.jpg","type":"image\/jpeg"}],"twitter_card":"summary_large_image","twitter_misc":{"Price":"&euro;23.00","Availability":"In stock"},"schema":{"@context":"https:\/\/schema.org","@graph":[{"@type":"WebPage","@id":"https:\/\/xiaomipaspirtukai.lt\/et\/produktas\/xiaomi-roller-tagumine-ratas-ilma-rehvita-8-5\/","url":"https:\/\/xiaomipaspirtukai.lt\/et\/produktas\/xiaomi-roller-tagumine-ratas-ilma-rehvita-8-5\/","name":"Xiaomi roller tagumine ratas ilma rehvita \/ 8.5 - Xiaomipaspirtukai.lt","isPartOf":{"@id":"https:\/\/xiaomipaspirtukai.lt\/et\/#website"},"primaryImageOfPage":{"@id":"https:\/\/xiaomipaspirtukai.lt\/et\/produktas\/xiaomi-roller-tagumine-ratas-ilma-rehvita-8-5\/#primaryimage"},"image":{"@id":"https:\/\/xiaomipaspirtukai.lt\/et\/produktas\/xiaomi-roller-tagumine-ratas-ilma-rehvita-8-5\/#primaryimage"},"thumbnailUrl":"https:\/\/xiaomipaspirtukai.lt\/wp-content\/uploads\/2025\/03\/Xiaomi-paspirtuko-ratas-be-padangos-7.jpg","datePublished":"2025-06-02T15:45:49+00:00","description":"8,5\" tagumine varuratas Xiaomi M365, Essential, 1S, MI3 rolleritele (ilma rehvita). Asendage kahjustatud ratas ja nautige taas sujuvat s\u00f5itu!","breadcrumb":{"@id":"https:\/\/xiaomipaspirtukai.lt\/et\/produktas\/xiaomi-roller-tagumine-ratas-ilma-rehvita-8-5\/#breadcrumb"},"inLanguage":"et","potentialAction":[{"@type":"ReadAction","target":["https:\/\/xiaomipaspirtukai.lt\/et\/produktas\/xiaomi-roller-tagumine-ratas-ilma-rehvita-8-5\/"]}]},{"@type":"ImageObject","inLanguage":"et","@id":"https:\/\/xiaomipaspirtukai.lt\/et\/produktas\/xiaomi-roller-tagumine-ratas-ilma-rehvita-8-5\/#primaryimage","url":"https:\/\/xiaomipaspirtukai.lt\/wp-content\/uploads\/2025\/03\/Xiaomi-paspirtuko-ratas-be-padangos-7.jpg","contentUrl":"https:\/\/xiaomipaspirtukai.lt\/wp-content\/uploads\/2025\/03\/Xiaomi-paspirtuko-ratas-be-padangos-7.jpg","width":1000,"height":1000,"caption":"Xiaomi paspirtuko ratas be padangos"},{"@type":"BreadcrumbList","@id":"https:\/\/xiaomipaspirtukai.lt\/et\/produktas\/xiaomi-roller-tagumine-ratas-ilma-rehvita-8-5\/#breadcrumb","itemListElement":[{"@type":"ListItem","position":1,"name":"Home","item":"https:\/\/xiaomipaspirtukai.lt\/et\/"},{"@type":"ListItem","position":2,"name":"Kauplus","item":"https:\/\/xiaomipaspirtukai.lt\/et\/kauplus\/"},{"@type":"ListItem","position":3,"name":"Xiaomi roller tagumine ratas ilma rehvita \/ 8.5"}]},{"@type":"WebSite","@id":"https:\/\/xiaomipaspirtukai.lt\/et\/#website","url":"https:\/\/xiaomipaspirtukai.lt\/et\/","name":"Xiaomipaspirtukai.lt","description":"xiaomi paspirtuk\u0173 dalys, xiaomi m365 dalys, xiaomi paspirtukai","publisher":{"@id":"https:\/\/xiaomipaspirtukai.lt\/et\/#organization"},"potentialAction":[{"@type":"SearchAction","target":{"@type":"EntryPoint","urlTemplate":"https:\/\/xiaomipaspirtukai.lt\/et\/?s={search_term_string}"},"query-input":{"@type":"PropertyValueSpecification","valueRequired":true,"valueName":"search_term_string"}}],"inLanguage":"et"},{"@type":"Organization","@id":"https:\/\/xiaomipaspirtukai.lt\/et\/#organization","name":"xiaomipaspirtukai.lt","url":"https:\/\/xiaomipaspirtukai.lt\/et\/","logo":{"@type":"ImageObject","inLanguage":"et","@id":"https:\/\/xiaomipaspirtukai.lt\/et\/#\/schema\/logo\/image\/","url":"https:\/\/xiaomipaspirtukai.lt\/wp-content\/uploads\/2019\/07\/cropped-xiaomi-paspirtukai.png","contentUrl":"https:\/\/xiaomipaspirtukai.lt\/wp-content\/uploads\/2019\/07\/cropped-xiaomi-paspirtukai.png","width":193,"height":45,"caption":"xiaomipaspirtukai.lt"},"image":{"@id":"https:\/\/xiaomipaspirtukai.lt\/et\/#\/schema\/logo\/image\/"},"sameAs":["https:\/\/www.facebook.com\/xiaomipaspirtukai\/","https:\/\/www.instagram.com\/xiaomipaspirtukai.lt\/"]}]},"product_brand":"Xiaomi 1S osad","product_price_amount":"23.00","product_price_currency":"EUR","og_availability":"instock","product_availability":"instock","product_retailer_item_id":"LT11X","product_condition":"new"},"_links":{"self":[{"href":"https:\/\/xiaomipaspirtukai.lt\/et\/wp-json\/wp\/v2\/product\/48311","targetHints":{"allow":["GET"]}}],"collection":[{"href":"https:\/\/xiaomipaspirtukai.lt\/et\/wp-json\/wp\/v2\/product"}],"about":[{"href":"https:\/\/xiaomipaspirtukai.lt\/et\/wp-json\/wp\/v2\/types\/product"}],"replies":[{"embeddable":true,"href":"https:\/\/xiaomipaspirtukai.lt\/et\/wp-json\/wp\/v2\/comments?post=48311"}],"wp:featuredmedia":[{"embeddable":true,"href":"https:\/\/xiaomipaspirtukai.lt\/et\/wp-json\/wp\/v2\/media\/48312"}],"wp:attachment":[{"href":"https:\/\/xiaomipaspirtukai.lt\/et\/wp-json\/wp\/v2\/media?parent=48311"}],"wp:term":[{"taxonomy":"product_brand","embeddable":true,"href":"https:\/\/xiaomipaspirtukai.lt\/et\/wp-json\/wp\/v2\/product_brand?post=48311"},{"taxonomy":"product_cat","embeddable":true,"href":"https:\/\/xiaomipaspirtukai.lt\/et\/wp-json\/wp\/v2\/product_cat?post=48311"},{"taxonomy":"product_tag","embeddable":true,"href":"https:\/\/xiaomipaspirtukai.lt\/et\/wp-json\/wp\/v2\/product_tag?post=48311"}],"curies":[{"name":"wp","href":"https:\/\/api.w.org\/{rel}","templated":true}]}}